{"id":71,"date":"2024-03-28T14:50:39","date_gmt":"2024-03-28T13:50:39","guid":{"rendered":"https:\/\/wp.fdulagogarda.it\/?page_id=71"},"modified":"2024-12-12T17:30:06","modified_gmt":"2024-12-12T16:30:06","slug":"gaio-valerio-catullo","status":"publish","type":"page","link":"https:\/\/wp.fdulagogarda.it\/?page_id=71","title":{"rendered":"Gaio Valerio Catullo"},"content":{"rendered":"\t\t<div data-elementor-type=\"wp-page\" data-elementor-id=\"71\" class=\"elementor elementor-71\" data-elementor-post-type=\"page\">\n\t\t\t\t<div class=\"elementor-element elementor-element-a11abc5 e-flex e-con-boxed e-con e-parent\" data-id=\"a11abc5\" data-element_type=\"container\">\n\t\t\t\t\t<div class=\"e-con-inner\">\n\t\t\t\t<div class=\"elementor-element elementor-element-cf0258e elementor-align-left elementor-mobile-align-left e-transform elementor-invisible elementor-widget elementor-widget-button\" data-id=\"cf0258e\" data-element_type=\"widget\" data-settings=\"{&quot;_animation&quot;:&quot;fadeIn&quot;,&quot;_animation_delay&quot;:400,&quot;_transform_translateX_effect_hover&quot;:{&quot;unit&quot;:&quot;px&quot;,&quot;size&quot;:10,&quot;sizes&quot;:[]},&quot;_transform_translateX_effect_hover_tablet&quot;:{&quot;unit&quot;:&quot;px&quot;,&quot;size&quot;:&quot;&quot;,&quot;sizes&quot;:[]},&quot;_transform_translateX_effect_hover_mobile&quot;:{&quot;unit&quot;:&quot;px&quot;,&quot;size&quot;:&quot;&quot;,&quot;sizes&quot;:[]},&quot;_transform_translateY_effect_hover&quot;:{&quot;unit&quot;:&quot;px&quot;,&quot;size&quot;:&quot;&quot;,&quot;sizes&quot;:[]},&quot;_transform_translateY_effect_hover_tablet&quot;:{&quot;unit&quot;:&quot;px&quot;,&quot;size&quot;:&quot;&quot;,&quot;sizes&quot;:[]},&quot;_transform_translateY_effect_hover_mobile&quot;:{&quot;unit&quot;:&quot;px&quot;,&quot;size&quot;:&quot;&quot;,&quot;sizes&quot;:[]}}\" data-widget_type=\"button.default\">\n\t\t\t\t<div class=\"elementor-widget-container\">\n\t\t\t\t\t\t\t<div class=\"elementor-button-wrapper\">\n\t\t\t\t\t<a class=\"elementor-button elementor-button-link elementor-size-sm\" href=\"https:\/\/wp.fdulagogarda.it\">\n\t\t\t\t\t\t<span class=\"elementor-button-content-wrapper\">\n\t\t\t\t\t\t<span class=\"elementor-button-icon\">\n\t\t\t\t<svg aria-hidden=\"true\" class=\"e-font-icon-svg e-fas-home\" viewBox=\"0 0 576 512\" xmlns=\"http:\/\/www.w3.org\/2000\/svg\"><path d=\"M280.37 148.26L96 300.11V464a16 16 0 0 0 16 16l112.06-.29a16 16 0 0 0 15.92-16V368a16 16 0 0 1 16-16h64a16 16 0 0 1 16 16v95.64a16 16 0 0 0 16 16.05L464 480a16 16 0 0 0 16-16V300L295.67 148.26a12.19 12.19 0 0 0-15.3 0zM571.6 251.47L488 182.56V44.05a12 12 0 0 0-12-12h-56a12 12 0 0 0-12 12v72.61L318.47 43a48 48 0 0 0-61 0L4.34 251.47a12 12 0 0 0-1.6 16.9l25.5 31A12 12 0 0 0 45.15 301l235.22-193.74a12.19 12.19 0 0 1 15.3 0L530.9 301a12 12 0 0 0 16.9-1.6l25.5-31a12 12 0 0 0-1.7-16.93z\"><\/path><\/svg>\t\t\t<\/span>\n\t\t\t\t\t\t\t\t\t<span class=\"elementor-button-text\">Homepage<\/span>\n\t\t\t\t\t<\/span>\n\t\t\t\t\t<\/a>\n\t\t\t\t<\/div>\n\t\t\t\t\t\t<\/div>\n\t\t\t\t<\/div>\n\t\t\t\t\t<\/div>\n\t\t\t\t<\/div>\n\t\t<div class=\"elementor-element elementor-element-5de53c7 e-flex e-con-boxed e-con e-parent\" data-id=\"5de53c7\" data-element_type=\"container\">\n\t\t\t\t\t<div class=\"e-con-inner\">\n\t\t<div class=\"elementor-element elementor-element-a408ffb e-flex e-con-boxed e-con e-child\" data-id=\"a408ffb\" data-element_type=\"container\">\n\t\t\t\t\t<div class=\"e-con-inner\">\n\t\t\t\t<div class=\"elementor-element elementor-element-a95575a elementor-arrows-position-inside elementor-widget elementor-widget-image-carousel\" data-id=\"a95575a\" data-element_type=\"widget\" data-settings=\"{&quot;slides_to_show&quot;:&quot;1&quot;,&quot;navigation&quot;:&quot;arrows&quot;,&quot;lazyload&quot;:&quot;yes&quot;,&quot;autoplay&quot;:&quot;yes&quot;,&quot;pause_on_hover&quot;:&quot;yes&quot;,&quot;pause_on_interaction&quot;:&quot;yes&quot;,&quot;autoplay_speed&quot;:5000,&quot;infinite&quot;:&quot;yes&quot;,&quot;effect&quot;:&quot;slide&quot;,&quot;speed&quot;:500}\" data-widget_type=\"image-carousel.default\">\n\t\t\t\t<div class=\"elementor-widget-container\">\n\t\t\t\t\t<div class=\"elementor-image-carousel-wrapper swiper\" dir=\"ltr\">\n\t\t\t<div class=\"elementor-image-carousel swiper-wrapper\" aria-live=\"off\">\n\t\t\t\t\t\t\t\t<div class=\"swiper-slide\" role=\"group\" aria-roledescription=\"slide\" aria-label=\"1 di 4\"><a data-elementor-open-lightbox=\"yes\" data-elementor-lightbox-slideshow=\"a95575a\" data-elementor-lightbox-title=\"busto-catullo\" data-e-action-hash=\"#elementor-action%3Aaction%3Dlightbox%26settings%3DeyJpZCI6NzYsInVybCI6Imh0dHBzOlwvXC93cC5mZHVsYWdvZ2FyZGEuaXRcL3dwLWNvbnRlbnRcL3VwbG9hZHNcLzIwMjRcLzAzXC9idXN0by1jYXR1bGxvLmpwZyIsInNsaWRlc2hvdyI6ImE5NTU3NWEifQ%3D%3D\" href=\"https:\/\/wp.fdulagogarda.it\/wp-content\/uploads\/2024\/03\/busto-catullo.jpg\"><figure class=\"swiper-slide-inner\"><img class=\"swiper-slide-image swiper-lazy\" data-src=\"https:\/\/wp.fdulagogarda.it\/wp-content\/uploads\/elementor\/thumbs\/busto-catullo-qlvnr4xooqgyr3dvq873obtwza9fiimqjue6upx2sw.jpg\" alt=\"busto-catullo\" \/><div class=\"swiper-lazy-preloader\"><\/div><\/figure><\/a><\/div><div class=\"swiper-slide\" role=\"group\" aria-roledescription=\"slide\" aria-label=\"2 di 4\"><a data-elementor-open-lightbox=\"yes\" data-elementor-lightbox-slideshow=\"a95575a\" data-elementor-lightbox-title=\"catullo-foto\" data-e-action-hash=\"#elementor-action%3Aaction%3Dlightbox%26settings%3DeyJpZCI6NzcsInVybCI6Imh0dHBzOlwvXC93cC5mZHVsYWdvZ2FyZGEuaXRcL3dwLWNvbnRlbnRcL3VwbG9hZHNcLzIwMjRcLzAzXC9jYXR1bGxvLWZvdG8uanBnIiwic2xpZGVzaG93IjoiYTk1NTc1YSJ9\" href=\"https:\/\/wp.fdulagogarda.it\/wp-content\/uploads\/2024\/03\/catullo-foto.jpg\"><figure class=\"swiper-slide-inner\"><img class=\"swiper-slide-image swiper-lazy\" data-src=\"https:\/\/wp.fdulagogarda.it\/wp-content\/uploads\/elementor\/thumbs\/catullo-foto-qlvnr4xooqgyr3dvq873obtwza9fiimqjue6upx2sw.jpg\" alt=\"catullo-foto\" \/><div class=\"swiper-lazy-preloader\"><\/div><\/figure><\/a><\/div><div class=\"swiper-slide\" role=\"group\" aria-roledescription=\"slide\" aria-label=\"3 di 4\"><a data-elementor-open-lightbox=\"yes\" data-elementor-lightbox-slideshow=\"a95575a\" data-elementor-lightbox-title=\"CATULLO\" data-e-action-hash=\"#elementor-action%3Aaction%3Dlightbox%26settings%3DeyJpZCI6NzgsInVybCI6Imh0dHBzOlwvXC93cC5mZHVsYWdvZ2FyZGEuaXRcL3dwLWNvbnRlbnRcL3VwbG9hZHNcLzIwMjRcLzAzXC9DQVRVTExPLmpwZyIsInNsaWRlc2hvdyI6ImE5NTU3NWEifQ%3D%3D\" href=\"https:\/\/wp.fdulagogarda.it\/wp-content\/uploads\/2024\/03\/CATULLO.jpg\"><figure class=\"swiper-slide-inner\"><img class=\"swiper-slide-image swiper-lazy\" data-src=\"https:\/\/wp.fdulagogarda.it\/wp-content\/uploads\/elementor\/thumbs\/CATULLO-qlvnr4xooqgyr3dvq873obtwza9fiimqjue6upx2sw.jpg\" alt=\"CATULLO\" \/><div class=\"swiper-lazy-preloader\"><\/div><\/figure><\/a><\/div><div class=\"swiper-slide\" role=\"group\" aria-roledescription=\"slide\" aria-label=\"4 di 4\"><a data-elementor-open-lightbox=\"yes\" data-elementor-lightbox-slideshow=\"a95575a\" data-elementor-lightbox-title=\"grotte-di-catullo\" data-e-action-hash=\"#elementor-action%3Aaction%3Dlightbox%26settings%3DeyJpZCI6NzksInVybCI6Imh0dHBzOlwvXC93cC5mZHVsYWdvZ2FyZGEuaXRcL3dwLWNvbnRlbnRcL3VwbG9hZHNcLzIwMjRcLzAzXC9ncm90dGUtZGktY2F0dWxsby5qcGciLCJzbGlkZXNob3ciOiJhOTU1NzVhIn0%3D\" href=\"https:\/\/wp.fdulagogarda.it\/wp-content\/uploads\/2024\/03\/grotte-di-catullo.jpg\"><figure class=\"swiper-slide-inner\"><img class=\"swiper-slide-image swiper-lazy\" data-src=\"https:\/\/wp.fdulagogarda.it\/wp-content\/uploads\/elementor\/thumbs\/grotte-di-catullo-qlvnr5vivki92pcikqlq8tldko4sq7qgvz1obzvomo.jpg\" alt=\"grotte-di-catullo\" \/><div class=\"swiper-lazy-preloader\"><\/div><\/figure><\/a><\/div>\t\t\t<\/div>\n\t\t\t\t\t\t\t\t\t\t\t\t<div class=\"elementor-swiper-button elementor-swiper-button-prev\" role=\"button\" tabindex=\"0\">\n\t\t\t\t\t\t<svg aria-hidden=\"true\" class=\"e-font-icon-svg e-eicon-chevron-left\" viewBox=\"0 0 1000 1000\" xmlns=\"http:\/\/www.w3.org\/2000\/svg\"><path d=\"M646 125C629 125 613 133 604 142L308 442C296 454 292 471 292 487 292 504 296 521 308 533L604 854C617 867 629 875 646 875 663 875 679 871 692 858 704 846 713 829 713 812 713 796 708 779 692 767L438 487 692 225C700 217 708 204 708 187 708 171 704 154 692 142 675 129 663 125 646 125Z\"><\/path><\/svg>\t\t\t\t\t<\/div>\n\t\t\t\t\t<div class=\"elementor-swiper-button elementor-swiper-button-next\" role=\"button\" tabindex=\"0\">\n\t\t\t\t\t\t<svg aria-hidden=\"true\" class=\"e-font-icon-svg e-eicon-chevron-right\" viewBox=\"0 0 1000 1000\" xmlns=\"http:\/\/www.w3.org\/2000\/svg\"><path d=\"M696 533C708 521 713 504 713 487 713 471 708 454 696 446L400 146C388 133 375 125 354 125 338 125 325 129 313 142 300 154 292 171 292 187 292 204 296 221 308 233L563 492 304 771C292 783 288 800 288 817 288 833 296 850 308 863 321 871 338 875 354 875 371 875 388 867 400 854L696 533Z\"><\/path><\/svg>\t\t\t\t\t<\/div>\n\t\t\t\t\n\t\t\t\t\t\t\t\t\t<\/div>\n\t\t\t\t<\/div>\n\t\t\t\t<\/div>\n\t\t<div class=\"elementor-element elementor-element-fe6f87c e-flex e-con-boxed e-con e-child\" data-id=\"fe6f87c\" data-element_type=\"container\">\n\t\t\t\t\t<div class=\"e-con-inner\">\n\t\t\t\t<div class=\"elementor-element elementor-element-76b247b elementor-widget elementor-widget-text-editor\" data-id=\"76b247b\" data-element_type=\"widget\" data-widget_type=\"text-editor.default\">\n\t\t\t\t<div class=\"elementor-widget-container\">\n\t\t\t\t\t\t\t<p>Gaio Valerio Catullo (Verona, 84 a.C. \u2013 Roma, 54 a.C.) \u00e8 stato un poeta romano. Il poeta \u00e8 noto per l\u2019intensit\u00e0 delle passioni amorose espresse, per la prima volta nella letteratura latina, nel suo Catulli Veronensis Liber, in cui l\u2019amore ha una parte preponderante, sia nei componimenti pi\u00f9 leggeri che negli epilli ispirati alla poesia di Callimaco e degli Alessandrini in generale.<\/p><p>\u00a0<\/p><p>Il liber di Catullo non fu ordinato dal poeta stesso, che non aveva concepito l\u2019opera come un corpo unico, anche se un editore successivo (forse lo stesso Cornelio Nepote a cui \u00e8 stata dedicata la prima parte dell\u2019opera) ha diviso il liber catulliano in tre parti secondo un criterio di tipo metrico: i carmi da 1 a 60, sotto il nome di \u201cnugae\u201d (letteralmente \u201csciocchezze\u201d), brevi carmi polimetri, per lo pi\u00f9 faleci e trimetri giambici; i carmi da 61 a 68, i cosiddetti \u201ccarmina docta\u201d d\u2019impronta alessandrina e per lo pi\u00f9 in esametri e distici elegiaci; i carmi dal 69 al 116 sono gli epigrammi (\u201cepigrammata\u201d), in distici elegiaci.<\/p><p>\u00a0<\/p><p>Catullo \u00e8 per noi uno dei pi\u00f9 noti rappresentanti della scuola dei ne\u00f2teroi, poetae novi, (cio\u00e8 \u201cpoeti nuovi\u201d), che facevano riferimento ai canoni dell\u2019estetica alessandrina e in particolare al poeta greco Callimaco, creatore di un nuovo stile poetico che si distacca dalla poesia epica di tradizione omerica divenuta a suo parere stancante, ripetitiva e dipendente quasi unicamente dalla quantit\u00e0 (in riferimento all\u2019abbondanza dei versi di quest\u2019ultima) piuttosto che dalla qualit\u00e0. Sia Callimaco che Catullo, infatti, non descrivono le gesta degli antichi eroi o degli dei, ma si concentrano su episodi semplici e quotidiani. Per giunta, i ne\u00f2teroi si dedicano all\u2019otium letterario piuttosto che alla politica per rendere liete le loro giornate, coltivando il loro amore solo ed esclusivamente alla composizione di versi, tanto che Catullo dichiara nel carme 51: \u00abOtium, Catulle, tibi molestum est:\/otio exsultas nimiumque gestis\u00bb \u00abL\u2019ozio per te, Catullo, non \u00e8 buono;\/ nell\u2019ozio smani e ti scalmani\u00bb (traduzione a cura di Nicola Gardini). Talvolta il poeta ostenta il suo disinteresse per i grandi uomini che lo circondavano e che stavano scrivendo la storia: \u00abnihil nimium studeo, Caesar, tibi velle placere\u00bb \u00abnon m\u2019interessa, Cesare, di andarti a genio\u00bb (carme 93), scrive al futuro conquistatore della Gallia. Da questa matrice callimachea proviene anche il gusto per la poesia breve, erudita e mirante stilisticamente alla perfezione. Si sviluppano, originari dell\u2019alessandrinismo e nati da poeti greci come Callimaco[8], Teocrito, Asclepiade, Fileta di Cos e Arato, generi quali l\u2019epillio, l\u2019elegia erotico-mitologica e l\u2019epigramma, che pi\u00f9 sono apprezzati e ricalcati dai poeti latini.<\/p><p>\u00a0<\/p><p>Catullo stesso defin\u00ec il suo libro expolitum (cio\u00e8 \u201clevigato\u201d) a riprova del fatto che i suoi versi sono particolarmente elaborati, le poesie raffinate e curate. Una delle caratteristiche peculiari della sua poetica \u00e8, infatti, la ricercatezza formale, il labor limae, con cui il poeta cura e rifinisce i suoi componimenti. Inoltre, al contrario della poesia epica, l\u2019opera catulliana intende evocare sentimenti ed emozioni profonde nel lettore, anche attraverso la pratica del vertere, rielaborando pezzi poetici di particolare rilevanza formale o intensit\u00e0 emozionale e tematica, in particolare come nel carmen 51, una emulazione del fr. 31 di Saffo, come anche i carmina 61 e 62, ispirati agli epitalami saffici.<\/p><p>\u00a0<\/p><p>Il carme 66, preceduto da una dedica ad Ortensio Ortalo, \u00e8 una traduzione della Chioma di Berenice di Callimaco, che viene ripreso per mostrare l\u2019adesione ad una raffinata elaborazione stilistica, una dottrina mitologica, geografica, linguistica ed infine la brevitas dei componimenti, con la convinzione che solo un carme di breve durata pu\u00f2 essere un\u2019opera raffinata e preziosa.<\/p>\t\t\t\t\t\t<\/div>\n\t\t\t\t<\/div>\n\t\t\t\t\t<\/div>\n\t\t\t\t<\/div>\n\t\t\t\t\t<\/div>\n\t\t\t\t<\/div>\n\t\t\t\t\t<\/div>\n\t\t\t\t<\/div>\n\t\t<div class=\"elementor-element elementor-element-cf845c5 e-flex e-con-boxed e-con e-parent\" data-id=\"cf845c5\" data-element_type=\"container\">\n\t\t\t\t\t<div class=\"e-con-inner\">\n\t\t\t\t\t<\/div>\n\t\t\t\t<\/div>\n\t\t\t\t<\/div>\n\t\t","protected":false},"excerpt":{"rendered":"<p>Homepage Gaio Valerio Catullo (Verona, 84 a.C. \u2013 Roma, 54 a.C.) \u00e8 stato un poeta romano. Il poeta \u00e8 noto per l\u2019intensit\u00e0 delle passioni amorose espresse, per la prima volta nella letteratura latina, nel suo Catulli Veronensis Liber, in cui l\u2019amore ha una parte preponderante, sia nei componimenti pi\u00f9 leggeri che negli epilli ispirati alla <a href=\"https:\/\/wp.fdulagogarda.it\/?page_id=71\" class=\"more-link\">&#8230;<span class=\"screen-reader-text\">  Gaio Valerio Catullo<\/span><\/a><\/p>\n","protected":false},"author":1,"featured_media":0,"parent":0,"menu_order":0,"comment_status":"closed","ping_status":"closed","template":"elementor_header_footer","meta":{"footnotes":""},"class_list":["post-71","page","type-page","status-publish","hentry"],"_links":{"self":[{"href":"https:\/\/wp.fdulagogarda.it\/index.php?rest_route=\/wp\/v2\/pages\/71","targetHints":{"allow":["GET"]}}],"collection":[{"href":"https:\/\/wp.fdulagogarda.it\/index.php?rest_route=\/wp\/v2\/pages"}],"about":[{"href":"https:\/\/wp.fdulagogarda.it\/index.php?rest_route=\/wp\/v2\/types\/page"}],"author":[{"embeddable":true,"href":"https:\/\/wp.fdulagogarda.it\/index.php?rest_route=\/wp\/v2\/users\/1"}],"replies":[{"embeddable":true,"href":"https:\/\/wp.fdulagogarda.it\/index.php?rest_route=%2Fwp%2Fv2%2Fcomments&post=71"}],"version-history":[{"count":28,"href":"https:\/\/wp.fdulagogarda.it\/index.php?rest_route=\/wp\/v2\/pages\/71\/revisions"}],"predecessor-version":[{"id":800,"href":"https:\/\/wp.fdulagogarda.it\/index.php?rest_route=\/wp\/v2\/pages\/71\/revisions\/800"}],"wp:attachment":[{"href":"https:\/\/wp.fdulagogarda.it\/index.php?rest_route=%2Fwp%2Fv2%2Fmedia&parent=71"}],"curies":[{"name":"wp","href":"https:\/\/api.w.org\/{rel}","templated":true}]}}