{"id":489,"date":"2024-03-29T11:13:12","date_gmt":"2024-03-29T10:13:12","guid":{"rendered":"https:\/\/wp.fdulagogarda.it\/?page_id=489"},"modified":"2024-03-29T11:24:54","modified_gmt":"2024-03-29T10:24:54","slug":"garda","status":"publish","type":"page","link":"https:\/\/wp.fdulagogarda.it\/?page_id=489","title":{"rendered":"Garda"},"content":{"rendered":"\t\t<div data-elementor-type=\"wp-page\" data-elementor-id=\"489\" class=\"elementor elementor-489\" data-elementor-post-type=\"page\">\n\t\t\t\t<div class=\"elementor-element elementor-element-1d653c27 e-flex e-con-boxed e-con e-parent\" data-id=\"1d653c27\" data-element_type=\"container\">\n\t\t\t\t\t<div class=\"e-con-inner\">\n\t\t<div class=\"elementor-element elementor-element-eb4d6a9 e-flex e-con-boxed e-con e-child\" data-id=\"eb4d6a9\" data-element_type=\"container\">\n\t\t\t\t\t<div class=\"e-con-inner\">\n\t\t\t\t<div class=\"elementor-element elementor-element-1542b8f6 elementor-widget elementor-widget-heading\" data-id=\"1542b8f6\" data-element_type=\"widget\" data-widget_type=\"heading.default\">\n\t\t\t\t<div class=\"elementor-widget-container\">\n\t\t\t<h1 class=\"elementor-heading-title elementor-size-default\">Garda<\/h1>\t\t<\/div>\n\t\t\t\t<\/div>\n\t\t\t\t<div class=\"elementor-element elementor-element-236539aa elementor-widget-divider--view-line elementor-widget elementor-widget-divider\" data-id=\"236539aa\" data-element_type=\"widget\" data-widget_type=\"divider.default\">\n\t\t\t\t<div class=\"elementor-widget-container\">\n\t\t\t\t\t<div class=\"elementor-divider\">\n\t\t\t<span class=\"elementor-divider-separator\">\n\t\t\t\t\t\t<\/span>\n\t\t<\/div>\n\t\t\t\t<\/div>\n\t\t\t\t<\/div>\n\t\t\t\t<div class=\"elementor-element elementor-element-262c9ac2 elementor-widget elementor-widget-image\" data-id=\"262c9ac2\" data-element_type=\"widget\" data-widget_type=\"image.default\">\n\t\t\t\t<div class=\"elementor-widget-container\">\n\t\t\t\t\t\t\t\t\t\t\t\t\t<img fetchpriority=\"high\" decoding=\"async\" width=\"1024\" height=\"725\" src=\"https:\/\/wp.fdulagogarda.it\/wp-content\/uploads\/2024\/03\/Cartina-Albergatori-Garda-2023_v022-1024x725-1.jpg\" class=\"attachment-large size-large wp-image-492\" alt=\"\" srcset=\"https:\/\/wp.fdulagogarda.it\/wp-content\/uploads\/2024\/03\/Cartina-Albergatori-Garda-2023_v022-1024x725-1.jpg 1024w, https:\/\/wp.fdulagogarda.it\/wp-content\/uploads\/2024\/03\/Cartina-Albergatori-Garda-2023_v022-1024x725-1-300x212.jpg 300w\" sizes=\"(max-width: 1024px) 100vw, 1024px\" \/>\t\t\t\t\t\t\t\t\t\t\t\t\t<\/div>\n\t\t\t\t<\/div>\n\t\t\t\t<div class=\"elementor-element elementor-element-14af3aab elementor-widget elementor-widget-text-editor\" data-id=\"14af3aab\" data-element_type=\"widget\" data-widget_type=\"text-editor.default\">\n\t\t\t\t<div class=\"elementor-widget-container\">\n\t\t\t\t\t\t\t<p>Garda, localit\u00e0 in provincia di Verona, \u00e8 uno dei posti pi\u00f9 pittoreschi del Lago di Garda, situato ai piedi della Rocca di Garda, la collina che sovrasta il paese.<\/p><p>\u00a0<\/p><p>Il nome \u201cGarda\u201d sembra derivare proprio da \u201cwarda\u201d, termine longobardo che significa \u201cguardia\u201d riferito al Castello che gi\u00e0 intorno al 1000 sorgeva sulla montagna alle spalle del paese \u201cGarda plana\u201d.<br \/>Durante il periodo medievale Garda e la sua fortezza, ebbe il suo periodo migliore: all\u2019epoca dei Franchi, fu contea autonoma e poi Comune autonomo.<br \/>Ma poco a poco, per\u00f2 anche lo splendore del maniero che pareva imprendibile cominci\u00f2 ad offuscarsi.<br \/>Nuove strategie e tecniche militari ebbero il sopravvento sulle vecchie fortificazioni, che vennero rase al suolo.<br \/>La fantasia popolare vuole che con le pietre del castello siano state fabbricate le case del vecchio borgo di Garda, anche se non \u00e8 stato provato.<br \/>Qui e l\u00e0 sulla Rocca sono rimasti per\u00f2 resti di imponenti mura che stanno per essere messe a nudo dagli archeologi.<\/p>\t\t\t\t\t\t<\/div>\n\t\t\t\t<\/div>\n\t\t\t\t<div class=\"elementor-element elementor-element-5031722 elementor-widget elementor-widget-heading\" data-id=\"5031722\" data-element_type=\"widget\" data-widget_type=\"heading.default\">\n\t\t\t\t<div class=\"elementor-widget-container\">\n\t\t\t<h3 class=\"elementor-heading-title elementor-size-default\">LA LEGGENDA DELLA REGINA ADELAIDE<\/h3>\t\t<\/div>\n\t\t\t\t<\/div>\n\t\t\t\t<div class=\"elementor-element elementor-element-a2569cc elementor-widget elementor-widget-text-editor\" data-id=\"a2569cc\" data-element_type=\"widget\" data-widget_type=\"text-editor.default\">\n\t\t\t\t<div class=\"elementor-widget-container\">\n\t\t\t\t\t\t\t<p>La reale storia della regina Adelaide si intreccia con vari aspetti mitici. Da questa unione \u00e8 nata una leggenda che si tramanda ancora oggi da circa un millennio.<\/p><p>\u00a0<\/p><p class=\"\">Dopo il rifiuto di unirsi in matrimonio con Adalberto II d\u2019Ivrea, il nuovo Re d\u2019Italia nonch\u00e9 presunto complice dell\u2019assassinio di Lotario, Adelaide venne inizialmente imprigionata nel castello di Lierna e successivamente trasferita nella rocca di Garda a met\u00e0 del X secolo. Dopo mesi di reclusione, attenuati solo dalla compagnia di una serva e di frate Martino, la regina si diede alla fuga. Il monaco, infatti, era riuscito a realizzare a colpi di scalpello un passaggio che dal castello conduceva ad un luogo riparato della collina. Ancora oggi questo cunicolo, chiamato dai gardesani\u00a0<em class=\"\">Ce<\/em>\u1e61<em class=\"\">i\u00f3<\/em><em class=\"\">l<\/em>, viene ricordato come \u201cgrotta di Adelaide\u201d.<\/p><p>\u00a0<\/p><p class=\"\">A questo punto la storia si arricchisce di varie interpretazioni locali che cercano di spiegare il periglioso peregrinare della regina sotto copertura, guidata dal fidato Martino.<br class=\"\" \/>Con l\u2019aiuto di un pescatore Adelaide raggiunse dapprima il basso lago e, dopo aver attraversato l\u2019insidiosa \u201cSelva di Lugana\u201d, venne accolta nella rocca di Canossa dal conte Azzone. Ella chiese aiuto all\u2019allora Re dei Germani e duca di Sassonia Ottone I, il quale accett\u00f2 la richiesta della regina incrociando le armi contro Berengario II e il figlio Adalberto II per una decina d\u2019anni.<\/p><p>\u00a0<\/p><p class=\"\">Nel frattempo Adelide spos\u00f2 Ottone I permettendogli di acquisire il titolo di Re dei Franchi e degli Italici. Nel 962 vennero infine incoronati sovrani del Sacro Romano Impero.<\/p>\t\t\t\t\t\t<\/div>\n\t\t\t\t<\/div>\n\t\t\t\t<div class=\"elementor-element elementor-element-f725398 elementor-widget elementor-widget-image\" data-id=\"f725398\" data-element_type=\"widget\" data-widget_type=\"image.default\">\n\t\t\t\t<div class=\"elementor-widget-container\">\n\t\t\t\t\t\t\t\t\t\t\t\t\t<img decoding=\"async\" width=\"606\" height=\"313\" src=\"https:\/\/wp.fdulagogarda.it\/wp-content\/uploads\/2024\/03\/Adelaide-4.jpg\" class=\"attachment-large size-large wp-image-493\" alt=\"\" srcset=\"https:\/\/wp.fdulagogarda.it\/wp-content\/uploads\/2024\/03\/Adelaide-4.jpg 606w, https:\/\/wp.fdulagogarda.it\/wp-content\/uploads\/2024\/03\/Adelaide-4-300x155.jpg 300w\" sizes=\"(max-width: 606px) 100vw, 606px\" \/>\t\t\t\t\t\t\t\t\t\t\t\t\t<\/div>\n\t\t\t\t<\/div>\n\t\t\t\t\t<\/div>\n\t\t\t\t<\/div>\n\t\t\t\t\t<\/div>\n\t\t\t\t<\/div>\n\t\t<div class=\"elementor-element elementor-element-4c2896a8 e-flex e-con-boxed e-con e-parent\" data-id=\"4c2896a8\" data-element_type=\"container\" data-settings=\"{&quot;background_background&quot;:&quot;classic&quot;}\">\n\t\t\t\t\t<div class=\"e-con-inner\">\n\t\t\t\t<div class=\"elementor-element elementor-element-27770bee elementor-invisible elementor-widget elementor-widget-heading\" data-id=\"27770bee\" data-element_type=\"widget\" data-settings=\"{&quot;_animation&quot;:&quot;zoomIn&quot;}\" data-widget_type=\"heading.default\">\n\t\t\t\t<div class=\"elementor-widget-container\">\n\t\t\t<h2 class=\"elementor-heading-title elementor-size-default\">Attivit\u00e0<\/h2>\t\t<\/div>\n\t\t\t\t<\/div>\n\t\t\t\t\t<\/div>\n\t\t\t\t<\/div>\n\t\t<div class=\"elementor-element elementor-element-3772aaca e-flex e-con-boxed e-con e-parent\" data-id=\"3772aaca\" data-element_type=\"container\">\n\t\t\t\t\t<div class=\"e-con-inner\">\n\t\t<div class=\"elementor-element elementor-element-590a554e e-con-full e-flex e-con e-child\" data-id=\"590a554e\" data-element_type=\"container\" data-settings=\"{&quot;background_background&quot;:&quot;classic&quot;}\">\n\t\t<div class=\"elementor-element elementor-element-7fd3a4bc e-con-full e-flex e-con e-child\" data-id=\"7fd3a4bc\" data-element_type=\"container\">\n\t\t\t\t<div class=\"elementor-element elementor-element-6512c75d elementor-flip-box--direction-left elementor-flip-box--effect-flip elementor-invisible elementor-widget elementor-widget-flip-box\" data-id=\"6512c75d\" data-element_type=\"widget\" data-settings=\"{&quot;_animation&quot;:&quot;fadeInUp&quot;,&quot;_animation_delay&quot;:200}\" data-widget_type=\"flip-box.default\">\n\t\t\t\t<div class=\"elementor-widget-container\">\n\t\t\t\t\t<div class=\"elementor-flip-box\" tabindex=\"0\">\n\t\t\t<div class=\"elementor-flip-box__layer elementor-flip-box__front\">\n\t\t\t\t<div class=\"elementor-flip-box__layer__overlay\">\n\t\t\t\t\t<div class=\"elementor-flip-box__layer__inner\">\n\t\t\t\t\t\t\n\t\t\t\t\t\t\t\t\t\t\t\t\t<h3 class=\"elementor-flip-box__layer__title\">\n\t\t\t\t\t\t\t\tDove mangiare\t\t\t\t\t\t\t<\/h3>\n\t\t\t\t\t\t\n\t\t\t\t\t\t\t\t\t\t\t<\/div>\n\t\t\t\t<\/div>\n\t\t\t<\/div>\n\t\t\t<div class=\"elementor-flip-box__layer elementor-flip-box__back\">\n\t\t\t<div class=\"elementor-flip-box__layer__overlay\">\n\t\t\t\t<div class=\"elementor-flip-box__layer__inner\">\n\t\t\t\t\t\n\t\t\t\t\t\n\t\t\t\t\t\t\t\t\t\t\t<a class=\"elementor-flip-box__button elementor-button elementor-size-sm\" href=\"https:\/\/wp.fdulagogarda.it\/?page_id=494\">\n\t\t\t\t\t\t\tShow more\t\t\t\t\t\t<\/a>\n\t\t\t\t\t\t\t\t<\/div>\n\t\t<\/div>\n\t\t<\/div>\n\t\t<\/div>\n\t\t\t\t<\/div>\n\t\t\t\t<\/div>\n\t\t\t\t<\/div>\n\t\t<div class=\"elementor-element elementor-element-297e1808 e-con-full e-flex e-con e-child\" data-id=\"297e1808\" data-element_type=\"container\">\n\t\t\t\t<div class=\"elementor-element elementor-element-53310ea2 elementor-flip-box--direction-left elementor-flip-box--effect-flip elementor-invisible elementor-widget elementor-widget-flip-box\" data-id=\"53310ea2\" data-element_type=\"widget\" data-settings=\"{&quot;_animation&quot;:&quot;fadeInUp&quot;,&quot;_animation_delay&quot;:200}\" data-widget_type=\"flip-box.default\">\n\t\t\t\t<div class=\"elementor-widget-container\">\n\t\t\t\t\t<div class=\"elementor-flip-box\" tabindex=\"0\">\n\t\t\t<div class=\"elementor-flip-box__layer elementor-flip-box__front\">\n\t\t\t\t<div class=\"elementor-flip-box__layer__overlay\">\n\t\t\t\t\t<div class=\"elementor-flip-box__layer__inner\">\n\t\t\t\t\t\t\n\t\t\t\t\t\t\t\t\t\t\t\t\t<h3 class=\"elementor-flip-box__layer__title\">\n\t\t\t\t\t\t\t\tDove dormire\t\t\t\t\t\t\t<\/h3>\n\t\t\t\t\t\t\n\t\t\t\t\t\t\t\t\t\t\t<\/div>\n\t\t\t\t<\/div>\n\t\t\t<\/div>\n\t\t\t<div class=\"elementor-flip-box__layer elementor-flip-box__back\">\n\t\t\t<div class=\"elementor-flip-box__layer__overlay\">\n\t\t\t\t<div class=\"elementor-flip-box__layer__inner\">\n\t\t\t\t\t\n\t\t\t\t\t\n\t\t\t\t\t\t\t\t\t\t\t<a class=\"elementor-flip-box__button elementor-button elementor-size-sm\">\n\t\t\t\t\t\t\tShow more\t\t\t\t\t\t<\/a>\n\t\t\t\t\t\t\t\t<\/div>\n\t\t<\/div>\n\t\t<\/div>\n\t\t<\/div>\n\t\t\t\t<\/div>\n\t\t\t\t<\/div>\n\t\t\t\t<\/div>\n\t\t<div class=\"elementor-element elementor-element-72a33f75 e-con-full e-flex e-con e-child\" data-id=\"72a33f75\" data-element_type=\"container\">\n\t\t\t\t<div class=\"elementor-element elementor-element-7acd5fb1 elementor-flip-box--direction-left elementor-flip-box--effect-flip elementor-invisible elementor-widget elementor-widget-flip-box\" data-id=\"7acd5fb1\" data-element_type=\"widget\" data-settings=\"{&quot;_animation&quot;:&quot;fadeInUp&quot;,&quot;_animation_delay&quot;:200}\" data-widget_type=\"flip-box.default\">\n\t\t\t\t<div class=\"elementor-widget-container\">\n\t\t\t\t\t<div class=\"elementor-flip-box\" tabindex=\"0\">\n\t\t\t<div class=\"elementor-flip-box__layer elementor-flip-box__front\">\n\t\t\t\t<div class=\"elementor-flip-box__layer__overlay\">\n\t\t\t\t\t<div class=\"elementor-flip-box__layer__inner\">\n\t\t\t\t\t\t\n\t\t\t\t\t\t\t\t\t\t\t\t\t<h3 class=\"elementor-flip-box__layer__title\">\n\t\t\t\t\t\t\t\tOperatori\t\t\t\t\t\t\t<\/h3>\n\t\t\t\t\t\t\n\t\t\t\t\t\t\t\t\t\t\t<\/div>\n\t\t\t\t<\/div>\n\t\t\t<\/div>\n\t\t\t<div class=\"elementor-flip-box__layer elementor-flip-box__back\">\n\t\t\t<div class=\"elementor-flip-box__layer__overlay\">\n\t\t\t\t<div class=\"elementor-flip-box__layer__inner\">\n\t\t\t\t\t\n\t\t\t\t\t\n\t\t\t\t\t\t\t\t\t\t\t<a class=\"elementor-flip-box__button elementor-button elementor-size-sm\">\n\t\t\t\t\t\t\tShow more\t\t\t\t\t\t<\/a>\n\t\t\t\t\t\t\t\t<\/div>\n\t\t<\/div>\n\t\t<\/div>\n\t\t<\/div>\n\t\t\t\t<\/div>\n\t\t\t\t<\/div>\n\t\t\t\t<\/div>\n\t\t<div class=\"elementor-element elementor-element-60f75a8e e-con-full e-flex e-con e-child\" data-id=\"60f75a8e\" data-element_type=\"container\">\n\t\t\t\t<div class=\"elementor-element elementor-element-20aaf5d2 elementor-flip-box--direction-left elementor-flip-box--effect-flip elementor-invisible elementor-widget elementor-widget-flip-box\" data-id=\"20aaf5d2\" data-element_type=\"widget\" data-settings=\"{&quot;_animation&quot;:&quot;fadeInUp&quot;,&quot;_animation_delay&quot;:200}\" data-widget_type=\"flip-box.default\">\n\t\t\t\t<div class=\"elementor-widget-container\">\n\t\t\t\t\t<div class=\"elementor-flip-box\" tabindex=\"0\">\n\t\t\t<div class=\"elementor-flip-box__layer elementor-flip-box__front\">\n\t\t\t\t<div class=\"elementor-flip-box__layer__overlay\">\n\t\t\t\t\t<div class=\"elementor-flip-box__layer__inner\">\n\t\t\t\t\t\t\n\t\t\t\t\t\t\t\t\t\t\t\t\t<h3 class=\"elementor-flip-box__layer__title\">\n\t\t\t\t\t\t\t\tVivi il borgo\t\t\t\t\t\t\t<\/h3>\n\t\t\t\t\t\t\n\t\t\t\t\t\t\t\t\t\t\t<\/div>\n\t\t\t\t<\/div>\n\t\t\t<\/div>\n\t\t\t<div class=\"elementor-flip-box__layer elementor-flip-box__back\">\n\t\t\t<div class=\"elementor-flip-box__layer__overlay\">\n\t\t\t\t<div class=\"elementor-flip-box__layer__inner\">\n\t\t\t\t\t\n\t\t\t\t\t\n\t\t\t\t\t\t\t\t\t\t\t<a class=\"elementor-flip-box__button elementor-button elementor-size-sm\">\n\t\t\t\t\t\t\tShow more\t\t\t\t\t\t<\/a>\n\t\t\t\t\t\t\t\t<\/div>\n\t\t<\/div>\n\t\t<\/div>\n\t\t<\/div>\n\t\t\t\t<\/div>\n\t\t\t\t<\/div>\n\t\t\t\t<\/div>\n\t\t\t\t<\/div>\n\t\t\t\t\t<\/div>\n\t\t\t\t<\/div>\n\t\t<div class=\"elementor-element elementor-element-c99075a e-flex e-con-boxed e-con e-parent\" data-id=\"c99075a\" data-element_type=\"container\">\n\t\t\t\t\t<div class=\"e-con-inner\">\n\t\t\t\t<div class=\"elementor-element elementor-element-279ee31f elementor-align-left elementor-mobile-align-left e-transform elementor-invisible elementor-widget elementor-widget-button\" data-id=\"279ee31f\" data-element_type=\"widget\" data-settings=\"{&quot;_animation&quot;:&quot;fadeIn&quot;,&quot;_animation_delay&quot;:400,&quot;_transform_translateX_effect_hover&quot;:{&quot;unit&quot;:&quot;px&quot;,&quot;size&quot;:10,&quot;sizes&quot;:[]},&quot;_transform_translateX_effect_hover_tablet&quot;:{&quot;unit&quot;:&quot;px&quot;,&quot;size&quot;:&quot;&quot;,&quot;sizes&quot;:[]},&quot;_transform_translateX_effect_hover_mobile&quot;:{&quot;unit&quot;:&quot;px&quot;,&quot;size&quot;:&quot;&quot;,&quot;sizes&quot;:[]},&quot;_transform_translateY_effect_hover&quot;:{&quot;unit&quot;:&quot;px&quot;,&quot;size&quot;:&quot;&quot;,&quot;sizes&quot;:[]},&quot;_transform_translateY_effect_hover_tablet&quot;:{&quot;unit&quot;:&quot;px&quot;,&quot;size&quot;:&quot;&quot;,&quot;sizes&quot;:[]},&quot;_transform_translateY_effect_hover_mobile&quot;:{&quot;unit&quot;:&quot;px&quot;,&quot;size&quot;:&quot;&quot;,&quot;sizes&quot;:[]}}\" data-widget_type=\"button.default\">\n\t\t\t\t<div class=\"elementor-widget-container\">\n\t\t\t\t\t\t\t<div class=\"elementor-button-wrapper\">\n\t\t\t\t\t<a class=\"elementor-button elementor-button-link elementor-size-sm\" href=\"https:\/\/wp.fdulagogarda.it\/?page_id=483\">\n\t\t\t\t\t\t<span class=\"elementor-button-content-wrapper\">\n\t\t\t\t\t\t<span class=\"elementor-button-icon\">\n\t\t\t\t<svg aria-hidden=\"true\" class=\"e-font-icon-svg e-fas-arrow-left\" viewBox=\"0 0 448 512\" xmlns=\"http:\/\/www.w3.org\/2000\/svg\"><path d=\"M257.5 445.1l-22.2 22.2c-9.4 9.4-24.6 9.4-33.9 0L7 273c-9.4-9.4-9.4-24.6 0-33.9L201.4 44.7c9.4-9.4 24.6-9.4 33.9 0l22.2 22.2c9.5 9.5 9.3 25-.4 34.3L136.6 216H424c13.3 0 24 10.7 24 24v32c0 13.3-10.7 24-24 24H136.6l120.5 114.8c9.8 9.3 10 24.8.4 34.3z\"><\/path><\/svg>\t\t\t<\/span>\n\t\t\t\t\t\t\t\t\t<span class=\"elementor-button-text\">torna indietro<\/span>\n\t\t\t\t\t<\/span>\n\t\t\t\t\t<\/a>\n\t\t\t\t<\/div>\n\t\t\t\t\t\t<\/div>\n\t\t\t\t<\/div>\n\t\t\t\t\t<\/div>\n\t\t\t\t<\/div>\n\t\t\t\t<\/div>\n\t\t","protected":false},"excerpt":{"rendered":"<p>Garda Garda, localit\u00e0 in provincia di Verona, \u00e8 uno dei posti pi\u00f9 pittoreschi del Lago di Garda, situato ai piedi della Rocca di Garda, la collina che sovrasta il paese. \u00a0 Il nome \u201cGarda\u201d sembra derivare proprio da \u201cwarda\u201d, termine longobardo che significa \u201cguardia\u201d riferito al Castello che gi\u00e0 intorno al 1000 sorgeva sulla montagna <a href=\"https:\/\/wp.fdulagogarda.it\/?page_id=489\" class=\"more-link\">&#8230;<span class=\"screen-reader-text\">  Garda<\/span><\/a><\/p>\n","protected":false},"author":1,"featured_media":0,"parent":0,"menu_order":0,"comment_status":"closed","ping_status":"closed","template":"elementor_header_footer","meta":{"footnotes":""},"class_list":["post-489","page","type-page","status-publish","hentry"],"_links":{"self":[{"href":"https:\/\/wp.fdulagogarda.it\/index.php?rest_route=\/wp\/v2\/pages\/489","targetHints":{"allow":["GET"]}}],"collection":[{"href":"https:\/\/wp.fdulagogarda.it\/index.php?rest_route=\/wp\/v2\/pages"}],"about":[{"href":"https:\/\/wp.fdulagogarda.it\/index.php?rest_route=\/wp\/v2\/types\/page"}],"author":[{"embeddable":true,"href":"https:\/\/wp.fdulagogarda.it\/index.php?rest_route=\/wp\/v2\/users\/1"}],"replies":[{"embeddable":true,"href":"https:\/\/wp.fdulagogarda.it\/index.php?rest_route=%2Fwp%2Fv2%2Fcomments&post=489"}],"version-history":[{"count":13,"href":"https:\/\/wp.fdulagogarda.it\/index.php?rest_route=\/wp\/v2\/pages\/489\/revisions"}],"predecessor-version":[{"id":527,"href":"https:\/\/wp.fdulagogarda.it\/index.php?rest_route=\/wp\/v2\/pages\/489\/revisions\/527"}],"wp:attachment":[{"href":"https:\/\/wp.fdulagogarda.it\/index.php?rest_route=%2Fwp%2Fv2%2Fmedia&parent=489"}],"curies":[{"name":"wp","href":"https:\/\/api.w.org\/{rel}","templated":true}]}}