{"id":340,"date":"2024-03-28T16:27:43","date_gmt":"2024-03-28T15:27:43","guid":{"rendered":"https:\/\/wp.fdulagogarda.it\/?page_id=340"},"modified":"2024-03-28T16:29:06","modified_gmt":"2024-03-28T15:29:06","slug":"villa-spinola-bussolengo","status":"publish","type":"page","link":"https:\/\/wp.fdulagogarda.it\/?page_id=340","title":{"rendered":"Villa Spinola Bussolengo"},"content":{"rendered":"\t\t<div data-elementor-type=\"wp-page\" data-elementor-id=\"340\" class=\"elementor elementor-340\" data-elementor-post-type=\"page\">\n\t\t\t\t<div class=\"elementor-element elementor-element-31b9c8de e-flex e-con-boxed e-con e-parent\" data-id=\"31b9c8de\" data-element_type=\"container\">\n\t\t\t\t\t<div class=\"e-con-inner\">\n\t\t<div class=\"elementor-element elementor-element-175cf3fc e-flex e-con-boxed e-con e-child\" data-id=\"175cf3fc\" data-element_type=\"container\">\n\t\t\t\t\t<div class=\"e-con-inner\">\n\t\t\t\t<div class=\"elementor-element elementor-element-3d584008 elementor-widget elementor-widget-heading\" data-id=\"3d584008\" data-element_type=\"widget\" data-widget_type=\"heading.default\">\n\t\t\t\t<div class=\"elementor-widget-container\">\n\t\t\t<h1 class=\"elementor-heading-title elementor-size-default\">Villa Spinola Bussolengo<\/h1>\t\t<\/div>\n\t\t\t\t<\/div>\n\t\t\t\t<div class=\"elementor-element elementor-element-61c0a8a9 elementor-widget-divider--view-line elementor-widget elementor-widget-divider\" data-id=\"61c0a8a9\" data-element_type=\"widget\" data-widget_type=\"divider.default\">\n\t\t\t\t<div class=\"elementor-widget-container\">\n\t\t\t\t\t<div class=\"elementor-divider\">\n\t\t\t<span class=\"elementor-divider-separator\">\n\t\t\t\t\t\t<\/span>\n\t\t<\/div>\n\t\t\t\t<\/div>\n\t\t\t\t<\/div>\n\t\t\t\t<div class=\"elementor-element elementor-element-6f62678e elementor-widget elementor-widget-image\" data-id=\"6f62678e\" data-element_type=\"widget\" data-widget_type=\"image.default\">\n\t\t\t\t<div class=\"elementor-widget-container\">\n\t\t\t\t\t\t\t\t\t\t\t\t\t<img fetchpriority=\"high\" decoding=\"async\" width=\"1024\" height=\"768\" src=\"https:\/\/wp.fdulagogarda.it\/wp-content\/uploads\/2024\/03\/1024px-VillaSpinolaBussolengo.jpg\" class=\"attachment-large size-large wp-image-347\" alt=\"\" srcset=\"https:\/\/wp.fdulagogarda.it\/wp-content\/uploads\/2024\/03\/1024px-VillaSpinolaBussolengo.jpg 1024w, https:\/\/wp.fdulagogarda.it\/wp-content\/uploads\/2024\/03\/1024px-VillaSpinolaBussolengo-300x225.jpg 300w\" sizes=\"(max-width: 1024px) 100vw, 1024px\" \/>\t\t\t\t\t\t\t\t\t\t\t\t\t<\/div>\n\t\t\t\t<\/div>\n\t\t\t\t<div class=\"elementor-element elementor-element-488315e5 elementor-widget elementor-widget-text-editor\" data-id=\"488315e5\" data-element_type=\"widget\" data-widget_type=\"text-editor.default\">\n\t\t\t\t<div class=\"elementor-widget-container\">\n\t\t\t\t\t\t\t<p>Sorge sopra una collina di fronte al fiume\u00a0Adige, orientata a Nord, lungo la strada che scende verso il Comune limitrofo di\u00a0Pescantina\u00a0sito al di l\u00e0 nel fiume, nella sua piana. La sua posizione \u00e8 privilegiata perch\u00e9 sita in un punto della zona prevalentemente collinare che domina le valli e i monti della\u00a0Valpolicella, dalla quale la vista pu\u00f2 spaziare dalla citt\u00e0 di\u00a0Verona\u00a0a est fino ai rilievi che attorniano il\u00a0lago di Garda a ovest.<\/p><p>\u00a0<\/p><div id=\"bg-showmore-hidden-66058c687b8871083916959\"><p>L\u2019edificio a tre piani fuori terra \u00e8 costituito da un corpo principale e da uno secondario a pianta quadrangolare, posto a occidente rispetto al primo.<\/p><p>Risalente al XIII secolo \u00e8 la\u00a0torre Colombara\u00a0situata all\u2019estremo orientale del corpo principale.<\/p><p>\u00a0<\/p><p>Successivamente il corpo principale, che in origine era a due piani, dovette essere ampliato con l\u2019aggiunta di un ulteriore corpo a occidente e di una loggia a due piani che venne posta in facciata, in modo tale da legare e unire la parte\u00a0quattrocentesca con il nuovo intervento.<\/p><p>\u00a0<\/p><p>Oggi, bench\u00e9 il corpo principale della villa, con il loggiato a tre ordini, si trovi in buono stato, lo stesso non si pu\u00f2 dire del corpo secondario, che fu restaurato al suo interno in maniera a dir poco irrazionale.<\/p><p>\u00a0<\/p><p>In origine la villa era completamente circondata da un vasto parco ricco di tempietti e di statue che, sul lato nord, scendeva fino al fiume; oggi tutto ci\u00f2 \u00e8 stato in buona parte distrutto per la costruzione di un campo sportivo in funzione delle scuole elementari \u201cCitelle\u201d, gi\u00e0 presenti in\u00a0epoca fascista\u00a0e poi abbattute e ricostruite, situate in prossimit\u00e0 di villa Spinola.<\/p><\/div>\t\t\t\t\t\t<\/div>\n\t\t\t\t<\/div>\n\t\t\t\t<div class=\"elementor-element elementor-element-7ef99734 elementor-align-left elementor-mobile-align-left e-transform elementor-invisible elementor-widget elementor-widget-button\" data-id=\"7ef99734\" data-element_type=\"widget\" data-settings=\"{&quot;_animation&quot;:&quot;fadeIn&quot;,&quot;_animation_delay&quot;:400,&quot;_transform_translateX_effect_hover&quot;:{&quot;unit&quot;:&quot;px&quot;,&quot;size&quot;:10,&quot;sizes&quot;:[]},&quot;_transform_translateX_effect_hover_tablet&quot;:{&quot;unit&quot;:&quot;px&quot;,&quot;size&quot;:&quot;&quot;,&quot;sizes&quot;:[]},&quot;_transform_translateX_effect_hover_mobile&quot;:{&quot;unit&quot;:&quot;px&quot;,&quot;size&quot;:&quot;&quot;,&quot;sizes&quot;:[]},&quot;_transform_translateY_effect_hover&quot;:{&quot;unit&quot;:&quot;px&quot;,&quot;size&quot;:&quot;&quot;,&quot;sizes&quot;:[]},&quot;_transform_translateY_effect_hover_tablet&quot;:{&quot;unit&quot;:&quot;px&quot;,&quot;size&quot;:&quot;&quot;,&quot;sizes&quot;:[]},&quot;_transform_translateY_effect_hover_mobile&quot;:{&quot;unit&quot;:&quot;px&quot;,&quot;size&quot;:&quot;&quot;,&quot;sizes&quot;:[]}}\" data-widget_type=\"button.default\">\n\t\t\t\t<div class=\"elementor-widget-container\">\n\t\t\t\t\t\t\t<div class=\"elementor-button-wrapper\">\n\t\t\t\t\t<a class=\"elementor-button elementor-button-link elementor-size-sm\" href=\"https:\/\/wp.fdulagogarda.it\/?page_id=311\">\n\t\t\t\t\t\t<span class=\"elementor-button-content-wrapper\">\n\t\t\t\t\t\t<span class=\"elementor-button-icon\">\n\t\t\t\t<svg aria-hidden=\"true\" class=\"e-font-icon-svg e-fas-arrow-left\" viewBox=\"0 0 448 512\" xmlns=\"http:\/\/www.w3.org\/2000\/svg\"><path d=\"M257.5 445.1l-22.2 22.2c-9.4 9.4-24.6 9.4-33.9 0L7 273c-9.4-9.4-9.4-24.6 0-33.9L201.4 44.7c9.4-9.4 24.6-9.4 33.9 0l22.2 22.2c9.5 9.5 9.3 25-.4 34.3L136.6 216H424c13.3 0 24 10.7 24 24v32c0 13.3-10.7 24-24 24H136.6l120.5 114.8c9.8 9.3 10 24.8.4 34.3z\"><\/path><\/svg>\t\t\t<\/span>\n\t\t\t\t\t\t\t\t\t<span class=\"elementor-button-text\">torna indietro<\/span>\n\t\t\t\t\t<\/span>\n\t\t\t\t\t<\/a>\n\t\t\t\t<\/div>\n\t\t\t\t\t\t<\/div>\n\t\t\t\t<\/div>\n\t\t\t\t\t<\/div>\n\t\t\t\t<\/div>\n\t\t\t\t\t<\/div>\n\t\t\t\t<\/div>\n\t\t\t\t<\/div>\n\t\t","protected":false},"excerpt":{"rendered":"<p>Villa Spinola Bussolengo Sorge sopra una collina di fronte al fiume\u00a0Adige, orientata a Nord, lungo la strada che scende verso il Comune limitrofo di\u00a0Pescantina\u00a0sito al di l\u00e0 nel fiume, nella sua piana. La sua posizione \u00e8 privilegiata perch\u00e9 sita in un punto della zona prevalentemente collinare che domina le valli e i monti della\u00a0Valpolicella, dalla <a href=\"https:\/\/wp.fdulagogarda.it\/?page_id=340\" class=\"more-link\">&#8230;<span class=\"screen-reader-text\">  Villa Spinola Bussolengo<\/span><\/a><\/p>\n","protected":false},"author":1,"featured_media":0,"parent":0,"menu_order":0,"comment_status":"closed","ping_status":"closed","template":"elementor_header_footer","meta":{"footnotes":""},"class_list":["post-340","page","type-page","status-publish","hentry"],"_links":{"self":[{"href":"https:\/\/wp.fdulagogarda.it\/index.php?rest_route=\/wp\/v2\/pages\/340","targetHints":{"allow":["GET"]}}],"collection":[{"href":"https:\/\/wp.fdulagogarda.it\/index.php?rest_route=\/wp\/v2\/pages"}],"about":[{"href":"https:\/\/wp.fdulagogarda.it\/index.php?rest_route=\/wp\/v2\/types\/page"}],"author":[{"embeddable":true,"href":"https:\/\/wp.fdulagogarda.it\/index.php?rest_route=\/wp\/v2\/users\/1"}],"replies":[{"embeddable":true,"href":"https:\/\/wp.fdulagogarda.it\/index.php?rest_route=%2Fwp%2Fv2%2Fcomments&post=340"}],"version-history":[{"count":7,"href":"https:\/\/wp.fdulagogarda.it\/index.php?rest_route=\/wp\/v2\/pages\/340\/revisions"}],"predecessor-version":[{"id":350,"href":"https:\/\/wp.fdulagogarda.it\/index.php?rest_route=\/wp\/v2\/pages\/340\/revisions\/350"}],"wp:attachment":[{"href":"https:\/\/wp.fdulagogarda.it\/index.php?rest_route=%2Fwp%2Fv2%2Fmedia&parent=340"}],"curies":[{"name":"wp","href":"https:\/\/api.w.org\/{rel}","templated":true}]}}