{"id":273,"date":"2024-03-28T15:57:44","date_gmt":"2024-03-28T14:57:44","guid":{"rendered":"https:\/\/wp.fdulagogarda.it\/?page_id=273"},"modified":"2024-03-28T15:58:39","modified_gmt":"2024-03-28T14:58:39","slug":"museo-del-risorgimento-di-villafranca-di-verona","status":"publish","type":"page","link":"https:\/\/wp.fdulagogarda.it\/?page_id=273","title":{"rendered":"Museo del Risorgimento di Villafranca di Verona"},"content":{"rendered":"\t\t<div data-elementor-type=\"wp-page\" data-elementor-id=\"273\" class=\"elementor elementor-273\" data-elementor-post-type=\"page\">\n\t\t\t\t<div class=\"elementor-element elementor-element-3ebb2188 e-flex e-con-boxed e-con e-parent\" data-id=\"3ebb2188\" data-element_type=\"container\">\n\t\t\t\t\t<div class=\"e-con-inner\">\n\t\t<div class=\"elementor-element elementor-element-cb94d6d e-flex e-con-boxed e-con e-child\" data-id=\"cb94d6d\" data-element_type=\"container\">\n\t\t\t\t\t<div class=\"e-con-inner\">\n\t\t\t\t<div class=\"elementor-element elementor-element-76f3512d elementor-widget elementor-widget-heading\" data-id=\"76f3512d\" data-element_type=\"widget\" data-widget_type=\"heading.default\">\n\t\t\t\t<div class=\"elementor-widget-container\">\n\t\t\t<h1 class=\"elementor-heading-title elementor-size-default\">Museo del Risorgimento di Villafranca di Verona<\/h1>\t\t<\/div>\n\t\t\t\t<\/div>\n\t\t\t\t<div class=\"elementor-element elementor-element-390efa8f elementor-widget-divider--view-line elementor-widget elementor-widget-divider\" data-id=\"390efa8f\" data-element_type=\"widget\" data-widget_type=\"divider.default\">\n\t\t\t\t<div class=\"elementor-widget-container\">\n\t\t\t\t\t<div class=\"elementor-divider\">\n\t\t\t<span class=\"elementor-divider-separator\">\n\t\t\t\t\t\t<\/span>\n\t\t<\/div>\n\t\t\t\t<\/div>\n\t\t\t\t<\/div>\n\t\t\t\t<div class=\"elementor-element elementor-element-650379a5 elementor-widget elementor-widget-image\" data-id=\"650379a5\" data-element_type=\"widget\" data-widget_type=\"image.default\">\n\t\t\t\t<div class=\"elementor-widget-container\">\n\t\t\t\t\t\t\t\t\t\t\t\t\t<img fetchpriority=\"high\" decoding=\"async\" width=\"1024\" height=\"683\" src=\"https:\/\/wp.fdulagogarda.it\/wp-content\/uploads\/2024\/03\/museo_1_villafranca-1024x683.jpg\" class=\"attachment-large size-large wp-image-280\" alt=\"\" srcset=\"https:\/\/wp.fdulagogarda.it\/wp-content\/uploads\/2024\/03\/museo_1_villafranca-1024x683.jpg 1024w, https:\/\/wp.fdulagogarda.it\/wp-content\/uploads\/2024\/03\/museo_1_villafranca-300x200.jpg 300w, https:\/\/wp.fdulagogarda.it\/wp-content\/uploads\/2024\/03\/museo_1_villafranca.jpg 1300w\" sizes=\"(max-width: 1024px) 100vw, 1024px\" \/>\t\t\t\t\t\t\t\t\t\t\t\t\t<\/div>\n\t\t\t\t<\/div>\n\t\t\t\t<div class=\"elementor-element elementor-element-724fa13f elementor-widget elementor-widget-text-editor\" data-id=\"724fa13f\" data-element_type=\"widget\" data-widget_type=\"text-editor.default\">\n\t\t\t\t<div class=\"elementor-widget-container\">\n\t\t\t\t\t\t\t<p>Lungo Via Pace si allunga la facciata del Palazzo Morelli-Gandini-Bugna, edificio signorile di austero aspetto risalente alla met\u00e0 del Settecento ma pi\u00f9 volte rimaneggiato e ampliato. \u00c8 dotato di cortile con barchessa e di un grande giardino botanico, di norma aperto al pubblico.<br \/>Al primo piano del prospetto occidentale, lungo Via Pace, \u00e8 allestita una piccola sala al cui interno si incontrarono l\u201911 luglio del 1859, pochi giorni dopo la battaglia di San Martino e Solferino, Francesco Giuseppe imperatore d\u2019Austria-Ungheria e Napoleone III imperatore di Francia. Qui furono gettate le basi per la stipula dell\u2019armistizio e della successiva pace che posero fine alla seconda guerra d\u2019indipendenza italiana.<br \/>Gli ambienti, di recente restaurati e riaperti alle visite, hanno restituito le forme e i colori originari. Al piano terra si apre invece il piccolo ma prezioso Museo del Risorgimento, che conserva armi originali, stampe e cimeli appartenuti agli eserciti che combatterono le guerre per l\u2019unit\u00e0 d\u2019Italia. Tra i materiali in esposizione si segnalano documenti e oggetti personali di cittadini di Villafranca che si arruolarono nelle file dei garibaldini nel 1859 e nel 1866, oltre a una giubba rossa e a un berretto appartenuti a un volontario dei Cacciatori delle Alpi.<\/p>\t\t\t\t\t\t<\/div>\n\t\t\t\t<\/div>\n\t\t\t\t<div class=\"elementor-element elementor-element-270b3042 elementor-align-left elementor-mobile-align-left e-transform elementor-invisible elementor-widget elementor-widget-button\" data-id=\"270b3042\" data-element_type=\"widget\" data-settings=\"{&quot;_animation&quot;:&quot;fadeIn&quot;,&quot;_animation_delay&quot;:400,&quot;_transform_translateX_effect_hover&quot;:{&quot;unit&quot;:&quot;px&quot;,&quot;size&quot;:10,&quot;sizes&quot;:[]},&quot;_transform_translateX_effect_hover_tablet&quot;:{&quot;unit&quot;:&quot;px&quot;,&quot;size&quot;:&quot;&quot;,&quot;sizes&quot;:[]},&quot;_transform_translateX_effect_hover_mobile&quot;:{&quot;unit&quot;:&quot;px&quot;,&quot;size&quot;:&quot;&quot;,&quot;sizes&quot;:[]},&quot;_transform_translateY_effect_hover&quot;:{&quot;unit&quot;:&quot;px&quot;,&quot;size&quot;:&quot;&quot;,&quot;sizes&quot;:[]},&quot;_transform_translateY_effect_hover_tablet&quot;:{&quot;unit&quot;:&quot;px&quot;,&quot;size&quot;:&quot;&quot;,&quot;sizes&quot;:[]},&quot;_transform_translateY_effect_hover_mobile&quot;:{&quot;unit&quot;:&quot;px&quot;,&quot;size&quot;:&quot;&quot;,&quot;sizes&quot;:[]}}\" data-widget_type=\"button.default\">\n\t\t\t\t<div class=\"elementor-widget-container\">\n\t\t\t\t\t\t\t<div class=\"elementor-button-wrapper\">\n\t\t\t\t\t<a class=\"elementor-button elementor-button-link elementor-size-sm\" href=\"https:\/\/wp.fdulagogarda.it\/?page_id=191\">\n\t\t\t\t\t\t<span class=\"elementor-button-content-wrapper\">\n\t\t\t\t\t\t<span class=\"elementor-button-icon\">\n\t\t\t\t<svg aria-hidden=\"true\" class=\"e-font-icon-svg e-fas-arrow-left\" viewBox=\"0 0 448 512\" xmlns=\"http:\/\/www.w3.org\/2000\/svg\"><path d=\"M257.5 445.1l-22.2 22.2c-9.4 9.4-24.6 9.4-33.9 0L7 273c-9.4-9.4-9.4-24.6 0-33.9L201.4 44.7c9.4-9.4 24.6-9.4 33.9 0l22.2 22.2c9.5 9.5 9.3 25-.4 34.3L136.6 216H424c13.3 0 24 10.7 24 24v32c0 13.3-10.7 24-24 24H136.6l120.5 114.8c9.8 9.3 10 24.8.4 34.3z\"><\/path><\/svg>\t\t\t<\/span>\n\t\t\t\t\t\t\t\t\t<span class=\"elementor-button-text\">torna indietro<\/span>\n\t\t\t\t\t<\/span>\n\t\t\t\t\t<\/a>\n\t\t\t\t<\/div>\n\t\t\t\t\t\t<\/div>\n\t\t\t\t<\/div>\n\t\t\t\t\t<\/div>\n\t\t\t\t<\/div>\n\t\t\t\t\t<\/div>\n\t\t\t\t<\/div>\n\t\t\t\t<\/div>\n\t\t","protected":false},"excerpt":{"rendered":"<p>Museo del Risorgimento di Villafranca di Verona Lungo Via Pace si allunga la facciata del Palazzo Morelli-Gandini-Bugna, edificio signorile di austero aspetto risalente alla met\u00e0 del Settecento ma pi\u00f9 volte rimaneggiato e ampliato. \u00c8 dotato di cortile con barchessa e di un grande giardino botanico, di norma aperto al pubblico.Al primo piano del prospetto occidentale, <a href=\"https:\/\/wp.fdulagogarda.it\/?page_id=273\" class=\"more-link\">&#8230;<span class=\"screen-reader-text\">  Museo del Risorgimento di Villafranca di Verona<\/span><\/a><\/p>\n","protected":false},"author":1,"featured_media":0,"parent":0,"menu_order":0,"comment_status":"closed","ping_status":"closed","template":"elementor_header_footer","meta":{"footnotes":""},"class_list":["post-273","page","type-page","status-publish","hentry"],"_links":{"self":[{"href":"https:\/\/wp.fdulagogarda.it\/index.php?rest_route=\/wp\/v2\/pages\/273","targetHints":{"allow":["GET"]}}],"collection":[{"href":"https:\/\/wp.fdulagogarda.it\/index.php?rest_route=\/wp\/v2\/pages"}],"about":[{"href":"https:\/\/wp.fdulagogarda.it\/index.php?rest_route=\/wp\/v2\/types\/page"}],"author":[{"embeddable":true,"href":"https:\/\/wp.fdulagogarda.it\/index.php?rest_route=\/wp\/v2\/users\/1"}],"replies":[{"embeddable":true,"href":"https:\/\/wp.fdulagogarda.it\/index.php?rest_route=%2Fwp%2Fv2%2Fcomments&post=273"}],"version-history":[{"count":7,"href":"https:\/\/wp.fdulagogarda.it\/index.php?rest_route=\/wp\/v2\/pages\/273\/revisions"}],"predecessor-version":[{"id":283,"href":"https:\/\/wp.fdulagogarda.it\/index.php?rest_route=\/wp\/v2\/pages\/273\/revisions\/283"}],"wp:attachment":[{"href":"https:\/\/wp.fdulagogarda.it\/index.php?rest_route=%2Fwp%2Fv2%2Fmedia&parent=273"}],"curies":[{"name":"wp","href":"https:\/\/api.w.org\/{rel}","templated":true}]}}