{"id":226,"date":"2024-03-28T15:42:50","date_gmt":"2024-03-28T14:42:50","guid":{"rendered":"https:\/\/wp.fdulagogarda.it\/?page_id=226"},"modified":"2024-03-28T15:53:12","modified_gmt":"2024-03-28T14:53:12","slug":"museo-del-lago-di-garda","status":"publish","type":"page","link":"https:\/\/wp.fdulagogarda.it\/?page_id=226","title":{"rendered":"Museo del Lago di Garda"},"content":{"rendered":"\t\t<div data-elementor-type=\"wp-page\" data-elementor-id=\"226\" class=\"elementor elementor-226\" data-elementor-post-type=\"page\">\n\t\t\t\t<div class=\"elementor-element elementor-element-5aa3b10 e-flex e-con-boxed e-con e-parent\" data-id=\"5aa3b10\" data-element_type=\"container\">\n\t\t\t\t\t<div class=\"e-con-inner\">\n\t\t<div class=\"elementor-element elementor-element-4800f11 e-flex e-con-boxed e-con e-child\" data-id=\"4800f11\" data-element_type=\"container\">\n\t\t\t\t\t<div class=\"e-con-inner\">\n\t\t\t\t<div class=\"elementor-element elementor-element-1295acc elementor-widget elementor-widget-heading\" data-id=\"1295acc\" data-element_type=\"widget\" data-widget_type=\"heading.default\">\n\t\t\t\t<div class=\"elementor-widget-container\">\n\t\t\t<h1 class=\"elementor-heading-title elementor-size-default\">Museo Territoriale del Lago di Garda<\/h1>\t\t<\/div>\n\t\t\t\t<\/div>\n\t\t\t\t<div class=\"elementor-element elementor-element-e3ea703 elementor-widget-divider--view-line elementor-widget elementor-widget-divider\" data-id=\"e3ea703\" data-element_type=\"widget\" data-widget_type=\"divider.default\">\n\t\t\t\t<div class=\"elementor-widget-container\">\n\t\t\t\t\t<div class=\"elementor-divider\">\n\t\t\t<span class=\"elementor-divider-separator\">\n\t\t\t\t\t\t<\/span>\n\t\t<\/div>\n\t\t\t\t<\/div>\n\t\t\t\t<\/div>\n\t\t\t\t<div class=\"elementor-element elementor-element-e1ca582 elementor-widget elementor-widget-image\" data-id=\"e1ca582\" data-element_type=\"widget\" data-widget_type=\"image.default\">\n\t\t\t\t<div class=\"elementor-widget-container\">\n\t\t\t\t\t\t\t\t\t\t\t\t\t<img fetchpriority=\"high\" decoding=\"async\" width=\"428\" height=\"257\" src=\"https:\/\/wp.fdulagogarda.it\/wp-content\/uploads\/2024\/03\/museo-garda-1.jpg\" class=\"attachment-large size-large wp-image-235\" alt=\"\" srcset=\"https:\/\/wp.fdulagogarda.it\/wp-content\/uploads\/2024\/03\/museo-garda-1.jpg 428w, https:\/\/wp.fdulagogarda.it\/wp-content\/uploads\/2024\/03\/museo-garda-1-300x180.jpg 300w\" sizes=\"(max-width: 428px) 100vw, 428px\" \/>\t\t\t\t\t\t\t\t\t\t\t\t\t<\/div>\n\t\t\t\t<\/div>\n\t\t\t\t<div class=\"elementor-element elementor-element-30de964 elementor-widget elementor-widget-text-editor\" data-id=\"30de964\" data-element_type=\"widget\" data-widget_type=\"text-editor.default\">\n\t\t\t\t<div class=\"elementor-widget-container\">\n\t\t\t\t\t\t\t<p>Il Museo Territoriale del Lago di Garda si presenta come un luogo ideale in cui avvicinarsi alla memoria e alle radici del territorio. Raccoglie gli oggetti usati fino alla prima met\u00e0 degli anni \u201950 del secolo scorso nella pesca, nell\u2019agricoltura, nella falegnameria e nella vita quotidiana dalle popolazioni della comunit\u00e0 rivierasche. Il materiale esposto, frutto di donazioni di privati o reperiti sul territorio, \u00e8 stato raccolto parzialmente per decenni dal Prof. Luigi Bertam\u00e8, uno studioso gardesano che ha dedicato la vita alla ricerca etnografica nel proprio paese.<\/p><p>In queste sale \u00e8 ben rappresentato il mondo della pesca, da sempre simbolo e orgoglio di Garda: un gondolino perfettamente ristrutturato, vari tipi di rete, supporti per tirlindana, fiocine e arpioni, oltre attrezzi e supporti di vario genere per le attivit\u00e0 di pesca e conservazione del pescato.<br \/>Al centro della sala dedicata a Ida Borletti \u00e8 posta la parte superiore del Pal del Vo\u2019, il palo che fino a qualche decennio fa emergeva dal lago per segnalare la presenza della Secca del Vo\u2019, una zona pescosissima appartenente alla Peschiera di S. Vigilio e i cui diritti di pesca appartengono, secondo antica tradizione, alle Corporazioni degli Antichi Originari di Garda e Torri. Tali diritti furono acquistati nel 1452 dagli abitanti Originari di Garda, Torri e Sirmione dai conti Becelli di Costermano, a fronte di 1000 ducati d\u2019oro. Nel 1700 Sirmione si ritir\u00f2 e i diritti rimasero alle comunit\u00e0 di Garda e Torri che, per consuetudine, li detengono tuttora.<br \/>Alla sommit\u00e0 del Pal del Vo\u2019, su una bandiera di latta che indica i proprietari del diritto di pesca, compare la scritta Corporazione degli Antichi Originari di Garda e Torri.<br \/>Alla Corporazione, una delle pi\u00f9 antiche d\u2019Italia ancora in essere, appartengono i discendenti di coloro che acquistarono i diritti nel 1452. Annualmente i diritti di pesca vengono ancora messi all\u2019asta e i proventi vengono suddivisi simbolicamente il 20 agosto tra i discendenti delle antiche famiglie originarie.<\/p>\t\t\t\t\t\t<\/div>\n\t\t\t\t<\/div>\n\t\t\t\t<div class=\"elementor-element elementor-element-10ec569 elementor-widget elementor-widget-image\" data-id=\"10ec569\" data-element_type=\"widget\" data-widget_type=\"image.default\">\n\t\t\t\t<div class=\"elementor-widget-container\">\n\t\t\t\t\t\t\t\t\t\t\t\t\t<img decoding=\"async\" width=\"356\" height=\"632\" src=\"https:\/\/wp.fdulagogarda.it\/wp-content\/uploads\/2024\/03\/img-20180604-105522679_1.jpg\" class=\"attachment-large size-large wp-image-240\" alt=\"\" srcset=\"https:\/\/wp.fdulagogarda.it\/wp-content\/uploads\/2024\/03\/img-20180604-105522679_1.jpg 356w, https:\/\/wp.fdulagogarda.it\/wp-content\/uploads\/2024\/03\/img-20180604-105522679_1-169x300.jpg 169w\" sizes=\"(max-width: 356px) 100vw, 356px\" \/>\t\t\t\t\t\t\t\t\t\t\t\t\t<\/div>\n\t\t\t\t<\/div>\n\t\t\t\t<div class=\"elementor-element elementor-element-3962d67 elementor-align-left elementor-mobile-align-left e-transform elementor-invisible elementor-widget elementor-widget-button\" data-id=\"3962d67\" data-element_type=\"widget\" data-settings=\"{&quot;_animation&quot;:&quot;fadeIn&quot;,&quot;_animation_delay&quot;:400,&quot;_transform_translateX_effect_hover&quot;:{&quot;unit&quot;:&quot;px&quot;,&quot;size&quot;:10,&quot;sizes&quot;:[]},&quot;_transform_translateX_effect_hover_tablet&quot;:{&quot;unit&quot;:&quot;px&quot;,&quot;size&quot;:&quot;&quot;,&quot;sizes&quot;:[]},&quot;_transform_translateX_effect_hover_mobile&quot;:{&quot;unit&quot;:&quot;px&quot;,&quot;size&quot;:&quot;&quot;,&quot;sizes&quot;:[]},&quot;_transform_translateY_effect_hover&quot;:{&quot;unit&quot;:&quot;px&quot;,&quot;size&quot;:&quot;&quot;,&quot;sizes&quot;:[]},&quot;_transform_translateY_effect_hover_tablet&quot;:{&quot;unit&quot;:&quot;px&quot;,&quot;size&quot;:&quot;&quot;,&quot;sizes&quot;:[]},&quot;_transform_translateY_effect_hover_mobile&quot;:{&quot;unit&quot;:&quot;px&quot;,&quot;size&quot;:&quot;&quot;,&quot;sizes&quot;:[]}}\" data-widget_type=\"button.default\">\n\t\t\t\t<div class=\"elementor-widget-container\">\n\t\t\t\t\t\t\t<div class=\"elementor-button-wrapper\">\n\t\t\t\t\t<a class=\"elementor-button elementor-button-link elementor-size-sm\" href=\"https:\/\/wp.fdulagogarda.it\/?page_id=191\">\n\t\t\t\t\t\t<span class=\"elementor-button-content-wrapper\">\n\t\t\t\t\t\t<span class=\"elementor-button-icon\">\n\t\t\t\t<svg aria-hidden=\"true\" class=\"e-font-icon-svg e-fas-arrow-left\" viewBox=\"0 0 448 512\" xmlns=\"http:\/\/www.w3.org\/2000\/svg\"><path d=\"M257.5 445.1l-22.2 22.2c-9.4 9.4-24.6 9.4-33.9 0L7 273c-9.4-9.4-9.4-24.6 0-33.9L201.4 44.7c9.4-9.4 24.6-9.4 33.9 0l22.2 22.2c9.5 9.5 9.3 25-.4 34.3L136.6 216H424c13.3 0 24 10.7 24 24v32c0 13.3-10.7 24-24 24H136.6l120.5 114.8c9.8 9.3 10 24.8.4 34.3z\"><\/path><\/svg>\t\t\t<\/span>\n\t\t\t\t\t\t\t\t\t<span class=\"elementor-button-text\">torna indietro<\/span>\n\t\t\t\t\t<\/span>\n\t\t\t\t\t<\/a>\n\t\t\t\t<\/div>\n\t\t\t\t\t\t<\/div>\n\t\t\t\t<\/div>\n\t\t\t\t\t<\/div>\n\t\t\t\t<\/div>\n\t\t\t\t\t<\/div>\n\t\t\t\t<\/div>\n\t\t\t\t<\/div>\n\t\t","protected":false},"excerpt":{"rendered":"<p>Museo Territoriale del Lago di Garda Il Museo Territoriale del Lago di Garda si presenta come un luogo ideale in cui avvicinarsi alla memoria e alle radici del territorio. Raccoglie gli oggetti usati fino alla prima met\u00e0 degli anni \u201950 del secolo scorso nella pesca, nell\u2019agricoltura, nella falegnameria e nella vita quotidiana dalle popolazioni della <a href=\"https:\/\/wp.fdulagogarda.it\/?page_id=226\" class=\"more-link\">&#8230;<span class=\"screen-reader-text\">  Museo del Lago di Garda<\/span><\/a><\/p>\n","protected":false},"author":1,"featured_media":0,"parent":0,"menu_order":0,"comment_status":"closed","ping_status":"closed","template":"elementor_header_footer","meta":{"footnotes":""},"class_list":["post-226","page","type-page","status-publish","hentry"],"_links":{"self":[{"href":"https:\/\/wp.fdulagogarda.it\/index.php?rest_route=\/wp\/v2\/pages\/226","targetHints":{"allow":["GET"]}}],"collection":[{"href":"https:\/\/wp.fdulagogarda.it\/index.php?rest_route=\/wp\/v2\/pages"}],"about":[{"href":"https:\/\/wp.fdulagogarda.it\/index.php?rest_route=\/wp\/v2\/types\/page"}],"author":[{"embeddable":true,"href":"https:\/\/wp.fdulagogarda.it\/index.php?rest_route=\/wp\/v2\/users\/1"}],"replies":[{"embeddable":true,"href":"https:\/\/wp.fdulagogarda.it\/index.php?rest_route=%2Fwp%2Fv2%2Fcomments&post=226"}],"version-history":[{"count":22,"href":"https:\/\/wp.fdulagogarda.it\/index.php?rest_route=\/wp\/v2\/pages\/226\/revisions"}],"predecessor-version":[{"id":255,"href":"https:\/\/wp.fdulagogarda.it\/index.php?rest_route=\/wp\/v2\/pages\/226\/revisions\/255"}],"wp:attachment":[{"href":"https:\/\/wp.fdulagogarda.it\/index.php?rest_route=%2Fwp%2Fv2%2Fmedia&parent=226"}],"curies":[{"name":"wp","href":"https:\/\/api.w.org\/{rel}","templated":true}]}}